{"id":407,"date":"2025-09-17T18:13:51","date_gmt":"2025-09-17T16:13:51","guid":{"rendered":"https:\/\/symptoms.paris\/?post_type=product&#038;p=407"},"modified":"2026-01-10T12:15:12","modified_gmt":"2026-01-10T11:15:12","slug":"calie","status":"publish","type":"product","link":"https:\/\/symptoms.paris\/fr\/produit\/calie\/","title":{"rendered":"Calie"},"content":{"rendered":"<p>Scorpio zodiac sign \u2013 OCTOBER 23 TO NOVEMBER 22<\/p>\n<p><strong data-start=\"1367\" data-end=\"1385\">ELEMENT : EAU<\/strong><br data-start=\"1385\" data-end=\"1388\" \/><strong data-start=\"1388\" data-end=\"1407\">CARACT\u00c9RISTIQUES DU SCORPION :<\/strong> Intense, Passionn\u00e9, Myst\u00e9rieux, Loyal, D\u00e9termin\u00e9, Jaloux, Possessif.<\/p>\n<ul>\n<li><span data-sheets-root=\"1\">Collier en acier inoxydable<\/span><\/li>\n<li><span data-sheets-root=\"1\">Plaqu\u00e9 or<\/span><\/li>\n<li>Hypoallerg\u00e9nique, sans plomb et sans nickel<\/li>\n<li><span class=\"icon_text_list_title\">R\u00e9sistant \u00e0 l'eau, ne noircit pas<\/span><\/li>\n<\/ul>\n<p><span data-sheets-root=\"1\">Longueur de la chaine : 40 + 5 cm<\/span><\/p>\n<p>Poids : 6,5g<\/p>","protected":false},"excerpt":{"rendered":"<p>Scorpio zodiac sign \u2013 OCTOBER 23 TO NOVEMBER 22 ELEMENT: WATERSCORPIO TRAITS: Intense, Passionate, Mysterious, Loyal, Determined, Jealous, Possessive. Stainless steel necklace Gold plated Hypoallergenic, lead &amp; nickel free Water-resistant &amp; tarnish-free Length of the chain : 40 + 5 cm Weight : 6,5g<\/p>","protected":false},"featured_media":465,"comment_status":"open","ping_status":"closed","template":"","meta":[],"product_brand":[],"product_cat":[32],"product_tag":[],"class_list":{"0":"post-407","1":"product","2":"type-product","3":"status-publish","4":"has-post-thumbnail","6":"product_cat-necklaces","8":"first","9":"instock","10":"taxable","11":"shipping-taxable","12":"purchasable","13":"product-type-simple"},"jetpack_sharing_enabled":true,"_links":{"self":[{"href":"https:\/\/symptoms.paris\/fr\/wp-json\/wp\/v2\/product\/407","targetHints":{"allow":["GET"]}}],"collection":[{"href":"https:\/\/symptoms.paris\/fr\/wp-json\/wp\/v2\/product"}],"about":[{"href":"https:\/\/symptoms.paris\/fr\/wp-json\/wp\/v2\/types\/product"}],"replies":[{"embeddable":true,"href":"https:\/\/symptoms.paris\/fr\/wp-json\/wp\/v2\/comments?post=407"}],"wp:featuredmedia":[{"embeddable":true,"href":"https:\/\/symptoms.paris\/fr\/wp-json\/wp\/v2\/media\/465"}],"wp:attachment":[{"href":"https:\/\/symptoms.paris\/fr\/wp-json\/wp\/v2\/media?parent=407"}],"wp:term":[{"taxonomy":"product_brand","embeddable":true,"href":"https:\/\/symptoms.paris\/fr\/wp-json\/wp\/v2\/product_brand?post=407"},{"taxonomy":"product_cat","embeddable":true,"href":"https:\/\/symptoms.paris\/fr\/wp-json\/wp\/v2\/product_cat?post=407"},{"taxonomy":"product_tag","embeddable":true,"href":"https:\/\/symptoms.paris\/fr\/wp-json\/wp\/v2\/product_tag?post=407"}],"curies":[{"name":"wp","href":"https:\/\/api.w.org\/{rel}","templated":true}]}}