{"id":390,"date":"2025-09-17T17:46:46","date_gmt":"2025-09-17T15:46:46","guid":{"rendered":"https:\/\/symptoms.paris\/?post_type=product&#038;p=390"},"modified":"2026-01-10T12:15:49","modified_gmt":"2026-01-10T11:15:49","slug":"alia","status":"publish","type":"product","link":"https:\/\/symptoms.paris\/fr\/produit\/alia\/","title":{"rendered":"Alia"},"content":{"rendered":"<p>Signe du zodiaque  Poisson \u2013 DU 20 F\u00c9VRIER AU 20 MARS 2025<\/p>\n<p data-start=\"2102\" data-end=\"2210\"><strong data-start=\"2102\" data-end=\"2120\">ELEMENT : EAU<\/strong><br data-start=\"2120\" data-end=\"2123\" \/><strong data-start=\"2123\" data-end=\"2141\">CARACT\u00c9RISTIQUES DES POISSONS :<\/strong> Empathique, R\u00eaveur, Intuitif, Sensible, Cr\u00e9atif, Na\u00eff, Fuyant.<\/p>\n<ul>\n<li><span data-sheets-root=\"1\">Collier en acier inoxydable<\/span><\/li>\n<li><span data-sheets-root=\"1\">Plaqu\u00e9 or<\/span><\/li>\n<li>Hypoallerg\u00e9nique, sans plomb et sans nickel<\/li>\n<li><span class=\"icon_text_list_title\">R\u00e9sistant \u00e0 l'eau, ne noircit pas<\/span><\/li>\n<\/ul>\n<p><span data-sheets-root=\"1\">Longueur de la chaine : 40 + 5 cm<\/span><\/p>\n<p>Poids : 6,5g<\/p>","protected":false},"excerpt":{"rendered":"<p>Pisces zodiac sign \u2013 FEBRUARY 20 TO MARCH 20 ELEMENT: WATERPISCES TRAITS: Empathetic, Dreamy, Intuitive, Sensitive, Creative, Naive, Escapist. Stainless steel necklace Gold plated Hypoallergenic, lead &amp; nickel free Water-resistant &amp; tarnish-free Length of the chain : 40 + 5 cm Weight : 6,5g<\/p>","protected":false},"featured_media":643,"comment_status":"open","ping_status":"closed","template":"","meta":[],"product_brand":[],"product_cat":[32],"product_tag":[],"class_list":{"0":"post-390","1":"product","2":"type-product","3":"status-publish","4":"has-post-thumbnail","6":"product_cat-necklaces","8":"first","9":"instock","10":"taxable","11":"shipping-taxable","12":"purchasable","13":"product-type-simple"},"jetpack_sharing_enabled":true,"_links":{"self":[{"href":"https:\/\/symptoms.paris\/fr\/wp-json\/wp\/v2\/product\/390","targetHints":{"allow":["GET"]}}],"collection":[{"href":"https:\/\/symptoms.paris\/fr\/wp-json\/wp\/v2\/product"}],"about":[{"href":"https:\/\/symptoms.paris\/fr\/wp-json\/wp\/v2\/types\/product"}],"replies":[{"embeddable":true,"href":"https:\/\/symptoms.paris\/fr\/wp-json\/wp\/v2\/comments?post=390"}],"wp:featuredmedia":[{"embeddable":true,"href":"https:\/\/symptoms.paris\/fr\/wp-json\/wp\/v2\/media\/643"}],"wp:attachment":[{"href":"https:\/\/symptoms.paris\/fr\/wp-json\/wp\/v2\/media?parent=390"}],"wp:term":[{"taxonomy":"product_brand","embeddable":true,"href":"https:\/\/symptoms.paris\/fr\/wp-json\/wp\/v2\/product_brand?post=390"},{"taxonomy":"product_cat","embeddable":true,"href":"https:\/\/symptoms.paris\/fr\/wp-json\/wp\/v2\/product_cat?post=390"},{"taxonomy":"product_tag","embeddable":true,"href":"https:\/\/symptoms.paris\/fr\/wp-json\/wp\/v2\/product_tag?post=390"}],"curies":[{"name":"wp","href":"https:\/\/api.w.org\/{rel}","templated":true}]}}