{"id":382,"date":"2025-09-17T17:39:49","date_gmt":"2025-09-17T15:39:49","guid":{"rendered":"https:\/\/symptoms.paris\/?post_type=product&#038;p=382"},"modified":"2026-01-10T12:16:20","modified_gmt":"2026-01-10T11:16:20","slug":"soan","status":"publish","type":"product","link":"https:\/\/symptoms.paris\/fr\/produit\/soan\/","title":{"rendered":"Soan"},"content":{"rendered":"<p>Signe du zodiaque Balance \u2013 DU 23 SEPTEMBRE AU 22 OCTOBRE<\/p>\n<p data-start=\"1197\" data-end=\"1304\"><strong data-start=\"1197\" data-end=\"1213\">ELEMENT : AIR<\/strong><br data-start=\"1213\" data-end=\"1216\" \/><strong data-start=\"1216\" data-end=\"1233\">CARACT\u00c9RISTIQUES DE LA BALANCE :<\/strong> Diplomate, Charmant, \u00c9quilibr\u00e9, Sociable, Juste, Ind\u00e9cis, D\u00e9pendant.<\/p>\n<ul>\n<li><span data-sheets-root=\"1\">Collier en acier inoxydable<\/span><\/li>\n<li><span data-sheets-root=\"1\">Plaqu\u00e9 or<\/span><\/li>\n<li>Hypoallerg\u00e9nique, sans plomb et sans nickel<\/li>\n<li><span class=\"icon_text_list_title\">R\u00e9sistant \u00e0 l'eau, ne noircit pas<\/span><\/li>\n<\/ul>\n<p><span data-sheets-root=\"1\">Longueur de la chaine : 40 + 5 cm<\/span><\/p>\n<p>Poids : 6,5g<\/p>","protected":false},"excerpt":{"rendered":"<p>Libra zodiac sign \u2013 SEPTEMBER 23 TO OCTOBER 22 ELEMENT: AIRLIBRA TRAITS: Diplomatic, Charming, Balanced, Sociable, Fair, Indecisive, Dependent. Stainless steel necklace Gold plated Hypoallergenic, lead &amp; nickel free Water-resistant &amp; tarnish-free Length of the chain : 40 + 5 cm Weight : 6,5g<\/p>","protected":false},"featured_media":463,"comment_status":"open","ping_status":"closed","template":"","meta":[],"product_brand":[],"product_cat":[32],"product_tag":[],"class_list":{"0":"post-382","1":"product","2":"type-product","3":"status-publish","4":"has-post-thumbnail","6":"product_cat-necklaces","8":"first","9":"instock","10":"taxable","11":"shipping-taxable","12":"purchasable","13":"product-type-simple"},"jetpack_sharing_enabled":true,"_links":{"self":[{"href":"https:\/\/symptoms.paris\/fr\/wp-json\/wp\/v2\/product\/382","targetHints":{"allow":["GET"]}}],"collection":[{"href":"https:\/\/symptoms.paris\/fr\/wp-json\/wp\/v2\/product"}],"about":[{"href":"https:\/\/symptoms.paris\/fr\/wp-json\/wp\/v2\/types\/product"}],"replies":[{"embeddable":true,"href":"https:\/\/symptoms.paris\/fr\/wp-json\/wp\/v2\/comments?post=382"}],"wp:featuredmedia":[{"embeddable":true,"href":"https:\/\/symptoms.paris\/fr\/wp-json\/wp\/v2\/media\/463"}],"wp:attachment":[{"href":"https:\/\/symptoms.paris\/fr\/wp-json\/wp\/v2\/media?parent=382"}],"wp:term":[{"taxonomy":"product_brand","embeddable":true,"href":"https:\/\/symptoms.paris\/fr\/wp-json\/wp\/v2\/product_brand?post=382"},{"taxonomy":"product_cat","embeddable":true,"href":"https:\/\/symptoms.paris\/fr\/wp-json\/wp\/v2\/product_cat?post=382"},{"taxonomy":"product_tag","embeddable":true,"href":"https:\/\/symptoms.paris\/fr\/wp-json\/wp\/v2\/product_tag?post=382"}],"curies":[{"name":"wp","href":"https:\/\/api.w.org\/{rel}","templated":true}]}}