{"id":237,"date":"2025-08-01T22:25:43","date_gmt":"2025-08-01T20:25:43","guid":{"rendered":"https:\/\/symptoms.paris\/?post_type=product&#038;p=237"},"modified":"2026-01-19T22:12:00","modified_gmt":"2026-01-19T21:12:00","slug":"sienna","status":"publish","type":"product","link":"https:\/\/symptoms.paris\/fr\/produit\/sienna\/","title":{"rendered":"Sienna"},"content":{"rendered":"<p>Collier plat d\u00e9licat avec pendentif en forme de c\u0153ur ajour\u00e9<\/p>\n<ul>\n<li><span data-sheets-root=\"1\">Collier en acier inoxydable<\/span><\/li>\n<li><span data-sheets-root=\"1\">Plaqu\u00e9 or<\/span><\/li>\n<li>Hypoallerg\u00e9nique, sans plomb et sans nickel<\/li>\n<li><span class=\"icon_text_list_title\">R\u00e9sistant \u00e0 l'eau, ne noircit pas<\/span><\/li>\n<\/ul>\n<p><span data-sheets-root=\"1\">Longueur de la chaine : 40 + 5 cm<\/span><\/p>\n<p>Poids : 3,5g<\/p>\n<p>\u00c9dition limit\u00e9e exclusive.<\/p>","protected":false},"excerpt":{"rendered":"<p>Delicate flat necklace with a hollow heart pendant Stainless steel necklace Gold plated Hypoallergenic, lead &amp; nickel free Water-resistant &amp; tarnish-free Length of the chain : 40 + 5 cm Weight : 3,5g Exclusive limited edition<\/p>","protected":false},"featured_media":507,"comment_status":"open","ping_status":"closed","template":"","meta":[],"product_brand":[],"product_cat":[32],"product_tag":[],"class_list":{"0":"post-237","1":"product","2":"type-product","3":"status-publish","4":"has-post-thumbnail","6":"product_cat-necklaces","8":"first","9":"instock","10":"taxable","11":"shipping-taxable","12":"purchasable","13":"product-type-simple"},"jetpack_sharing_enabled":true,"_links":{"self":[{"href":"https:\/\/symptoms.paris\/fr\/wp-json\/wp\/v2\/product\/237","targetHints":{"allow":["GET"]}}],"collection":[{"href":"https:\/\/symptoms.paris\/fr\/wp-json\/wp\/v2\/product"}],"about":[{"href":"https:\/\/symptoms.paris\/fr\/wp-json\/wp\/v2\/types\/product"}],"replies":[{"embeddable":true,"href":"https:\/\/symptoms.paris\/fr\/wp-json\/wp\/v2\/comments?post=237"}],"wp:featuredmedia":[{"embeddable":true,"href":"https:\/\/symptoms.paris\/fr\/wp-json\/wp\/v2\/media\/507"}],"wp:attachment":[{"href":"https:\/\/symptoms.paris\/fr\/wp-json\/wp\/v2\/media?parent=237"}],"wp:term":[{"taxonomy":"product_brand","embeddable":true,"href":"https:\/\/symptoms.paris\/fr\/wp-json\/wp\/v2\/product_brand?post=237"},{"taxonomy":"product_cat","embeddable":true,"href":"https:\/\/symptoms.paris\/fr\/wp-json\/wp\/v2\/product_cat?post=237"},{"taxonomy":"product_tag","embeddable":true,"href":"https:\/\/symptoms.paris\/fr\/wp-json\/wp\/v2\/product_tag?post=237"}],"curies":[{"name":"wp","href":"https:\/\/api.w.org\/{rel}","templated":true}]}}