{"id":227,"date":"2025-08-01T22:21:36","date_gmt":"2025-08-01T20:21:36","guid":{"rendered":"https:\/\/symptoms.paris\/?post_type=product&#038;p=227"},"modified":"2026-01-10T12:12:26","modified_gmt":"2026-01-10T11:12:26","slug":"mae","status":"publish","type":"product","link":"https:\/\/symptoms.paris\/fr\/produit\/mae\/","title":{"rendered":"Ma\u00e9"},"content":{"rendered":"<p>Une paire de boucles d'oreilles cr\u00e9oles l\u00e9g\u00e8res et intemporelles, con\u00e7ues pour sublimer n'importe quelle tenue.<\/p>\n<ul>\n<li><span data-sheets-root=\"1\">Acier inoxydable<\/span><\/li>\n<li><span data-sheets-root=\"1\">Plaqu\u00e9 or<\/span><\/li>\n<li>Hypoallerg\u00e9nique<\/li>\n<li><span class=\"icon_text_list_title\">R\u00e9sistant \u00e0 l'eau, ne noircit pas<\/span><\/li>\n<\/ul>\n<p>Pour des raisons d\u2019hygi\u00e8ne, les boucles d\u2019oreilles ne sont ni retournables ni \u00e9changeables.<\/p>","protected":false},"excerpt":{"rendered":"<p>A timeless pair of light hoop earrings designed to elevate any outfit Stainless steel hoop earrings Gold plated Hypoallergenic Water-resistant &amp; tarnish-free Due to hygiene reasons, earrings are non-returnable and non-exchangeable.<\/p>","protected":false},"featured_media":451,"comment_status":"open","ping_status":"closed","template":"","meta":[],"product_brand":[],"product_cat":[44],"product_tag":[],"class_list":{"0":"post-227","1":"product","2":"type-product","3":"status-publish","4":"has-post-thumbnail","6":"product_cat-hoop-earrings","8":"first","9":"instock","10":"taxable","11":"shipping-taxable","12":"purchasable","13":"product-type-simple"},"jetpack_sharing_enabled":true,"_links":{"self":[{"href":"https:\/\/symptoms.paris\/fr\/wp-json\/wp\/v2\/product\/227","targetHints":{"allow":["GET"]}}],"collection":[{"href":"https:\/\/symptoms.paris\/fr\/wp-json\/wp\/v2\/product"}],"about":[{"href":"https:\/\/symptoms.paris\/fr\/wp-json\/wp\/v2\/types\/product"}],"replies":[{"embeddable":true,"href":"https:\/\/symptoms.paris\/fr\/wp-json\/wp\/v2\/comments?post=227"}],"wp:featuredmedia":[{"embeddable":true,"href":"https:\/\/symptoms.paris\/fr\/wp-json\/wp\/v2\/media\/451"}],"wp:attachment":[{"href":"https:\/\/symptoms.paris\/fr\/wp-json\/wp\/v2\/media?parent=227"}],"wp:term":[{"taxonomy":"product_brand","embeddable":true,"href":"https:\/\/symptoms.paris\/fr\/wp-json\/wp\/v2\/product_brand?post=227"},{"taxonomy":"product_cat","embeddable":true,"href":"https:\/\/symptoms.paris\/fr\/wp-json\/wp\/v2\/product_cat?post=227"},{"taxonomy":"product_tag","embeddable":true,"href":"https:\/\/symptoms.paris\/fr\/wp-json\/wp\/v2\/product_tag?post=227"}],"curies":[{"name":"wp","href":"https:\/\/api.w.org\/{rel}","templated":true}]}}