{"id":206,"date":"2025-08-01T22:04:59","date_gmt":"2025-08-01T20:04:59","guid":{"rendered":"https:\/\/symptoms.paris\/?post_type=product&#038;p=206"},"modified":"2026-01-10T12:08:52","modified_gmt":"2026-01-10T11:08:52","slug":"mia","status":"publish","type":"product","link":"https:\/\/symptoms.paris\/fr\/produit\/mia\/","title":{"rendered":"Mia"},"content":{"rendered":"<p><span data-sheets-root=\"1\">Bracelet dor\u00e9 d\u00e9licat et l\u00e9ger, parfait pour un usage quotidien.<\/span><\/p>\n<ul>\n<li><span data-sheets-root=\"1\">Bracelet en acier inoxydable avec m\u00e9daillons martel\u00e9s<\/span><\/li>\n<li><span data-sheets-root=\"1\">Plaqu\u00e9 Or 18K<\/span><\/li>\n<li><span class=\"icon_text_list_title\">R\u00e9sistant \u00e0 l'eau, ne noircit pas<\/span><\/li>\n<\/ul>\n<p><span data-sheets-root=\"1\">Poids : 2,8g<\/span><\/p>\n<p><span data-sheets-root=\"1\">Hauteur : 6 mm<br \/>\nlongueur de la chaine : 6,8 + 1,8 cm<\/span><\/p>\n<p>&nbsp;<\/p>","protected":false},"excerpt":{"rendered":"<p>Delicate and lightweight gold-tone bracelet, perfect for everyday wear Stainless steel bracelet with hammered medallions 18K Gold plated Water-resistant &amp; tarnish-free Weight : 2,8g Height 6 mm Length : 6,8\u00a0 + 1,8 cm &nbsp;<\/p>","protected":false},"featured_media":516,"comment_status":"open","ping_status":"closed","template":"","meta":[],"product_brand":[],"product_cat":[31],"product_tag":[],"class_list":{"0":"post-206","1":"product","2":"type-product","3":"status-publish","4":"has-post-thumbnail","6":"product_cat-bracelets","8":"first","9":"instock","10":"taxable","11":"shipping-taxable","12":"purchasable","13":"product-type-simple"},"jetpack_sharing_enabled":true,"_links":{"self":[{"href":"https:\/\/symptoms.paris\/fr\/wp-json\/wp\/v2\/product\/206","targetHints":{"allow":["GET"]}}],"collection":[{"href":"https:\/\/symptoms.paris\/fr\/wp-json\/wp\/v2\/product"}],"about":[{"href":"https:\/\/symptoms.paris\/fr\/wp-json\/wp\/v2\/types\/product"}],"replies":[{"embeddable":true,"href":"https:\/\/symptoms.paris\/fr\/wp-json\/wp\/v2\/comments?post=206"}],"wp:featuredmedia":[{"embeddable":true,"href":"https:\/\/symptoms.paris\/fr\/wp-json\/wp\/v2\/media\/516"}],"wp:attachment":[{"href":"https:\/\/symptoms.paris\/fr\/wp-json\/wp\/v2\/media?parent=206"}],"wp:term":[{"taxonomy":"product_brand","embeddable":true,"href":"https:\/\/symptoms.paris\/fr\/wp-json\/wp\/v2\/product_brand?post=206"},{"taxonomy":"product_cat","embeddable":true,"href":"https:\/\/symptoms.paris\/fr\/wp-json\/wp\/v2\/product_cat?post=206"},{"taxonomy":"product_tag","embeddable":true,"href":"https:\/\/symptoms.paris\/fr\/wp-json\/wp\/v2\/product_tag?post=206"}],"curies":[{"name":"wp","href":"https:\/\/api.w.org\/{rel}","templated":true}]}}