{"id":952,"date":"2025-12-16T21:58:04","date_gmt":"2025-12-16T20:58:04","guid":{"rendered":"https:\/\/symptoms.paris\/privacy-policy-2\/"},"modified":"2026-01-02T10:09:54","modified_gmt":"2026-01-02T09:09:54","slug":"legal-notice","status":"publish","type":"page","link":"https:\/\/symptoms.paris\/fr\/legal-notice\/","title":{"rendered":"Mentions L\u00e9gales"},"content":{"rendered":"<p>Le site web <a href=\"https:\/\/symptoms.paris\/fr\/\">www.symptoms.paris<\/a> est \u00e9dit\u00e9 par SYMPTOMS, soci\u00e9t\u00e9 immatricul\u00e9e au Registre du Commerce et des Soci\u00e9t\u00e9s de Nanterre sous le num\u00e9ro 99363844400014, dont le si\u00e8ge social est situ\u00e9 \u00e0 Asni\u00e8res-sur-Seine 92600 Cedex, France. Notre site est h\u00e9berg\u00e9e sur OVHcloud.<\/p>\n\n\n\n<p>TVA non applicable, conform\u00e9ment \u00e0 l'article 293 B du Code g\u00e9n\u00e9ral des imp\u00f4ts. Courriel : <a href=\"mailto:contact@symptoms.paris\">contact@symptoms.paris<\/a> \u00a0 \u00a0 \u00a0 \u00a0 \u00a0 \u00a0 \u00a0 \u00a0 \u00a0 \u00a0 \u00a0 \u00a0 \u00a0 \u00a0 \u00a0 \u00a0 \u00a0 \u00a0 \u00a0 \u00a0 \u00a0 \u00a0 \u00a0 \u00a0 \u00a0 \u00a0 \u00a0 \u00a0 \u00a0                             <\/p>\n\n\n\n<p>Tous droits r\u00e9serv\u00e9s.<\/p>\n\n\n\n<h2 class=\"wp-block-heading\"><\/h2>\n\n\n\n<p><\/p>","protected":false},"excerpt":{"rendered":"<p>The website www.symptoms.paris is edited by SYMPTOMS registered with the Nanterre Trade and under number 99363844400014, whose registered office is located at Asni\u00e8res-Sur-Seine 92600 Cedex France. Our store is hosted on OVHcloud. VAT not applicable, pursuant to Article 293 B of the French General Tax Code.\u00a0 \u00a0 \u00a0 \u00a0 \u00a0 \u00a0 \u00a0 Email: contact@symptoms.paris \u00a0 [&hellip;]<\/p>","protected":false},"author":1,"featured_media":0,"parent":0,"menu_order":0,"comment_status":"closed","ping_status":"closed","template":"","meta":{"footnotes":""},"class_list":["post-952","page","type-page","status-publish","hentry"],"jetpack_sharing_enabled":true,"_links":{"self":[{"href":"https:\/\/symptoms.paris\/fr\/wp-json\/wp\/v2\/pages\/952","targetHints":{"allow":["GET"]}}],"collection":[{"href":"https:\/\/symptoms.paris\/fr\/wp-json\/wp\/v2\/pages"}],"about":[{"href":"https:\/\/symptoms.paris\/fr\/wp-json\/wp\/v2\/types\/page"}],"author":[{"embeddable":true,"href":"https:\/\/symptoms.paris\/fr\/wp-json\/wp\/v2\/users\/1"}],"replies":[{"embeddable":true,"href":"https:\/\/symptoms.paris\/fr\/wp-json\/wp\/v2\/comments?post=952"}],"version-history":[{"count":6,"href":"https:\/\/symptoms.paris\/fr\/wp-json\/wp\/v2\/pages\/952\/revisions"}],"predecessor-version":[{"id":1036,"href":"https:\/\/symptoms.paris\/fr\/wp-json\/wp\/v2\/pages\/952\/revisions\/1036"}],"wp:attachment":[{"href":"https:\/\/symptoms.paris\/fr\/wp-json\/wp\/v2\/media?parent=952"}],"curies":[{"name":"wp","href":"https:\/\/api.w.org\/{rel}","templated":true}]}}