{"id":666,"date":"2025-11-25T22:03:59","date_gmt":"2025-11-25T21:03:59","guid":{"rendered":"https:\/\/symptoms.paris\/about-us\/"},"modified":"2025-12-16T21:55:13","modified_gmt":"2025-12-16T20:55:13","slug":"about","status":"publish","type":"page","link":"https:\/\/symptoms.paris\/fr\/about\/","title":{"rendered":"\u00c0 propos de nous"},"content":{"rendered":"<p>Chez <strong>Symptoms,<\/strong>nous croyons que les bijoux sont bien plus que de simples accessoires \u2014 ils refl\u00e8tent ce que vous ressentez, qui vous \u00eates, et ces d\u00e9tails subtils qui vous d\u00e9finissent.<\/p>\n\n\n\n<p>Notre marque est n\u00e9e d\u2019une vision minimaliste :<br>cr\u00e9er une s\u00e9lection de pi\u00e8ces qui s\u2019expriment avec douceur, mais avec profondeur.<br>Chaque bijou de notre collection est choisi avec soin pour son design \u00e9pur\u00e9, son allure intemporelle et l\u2019\u00e9motion d\u00e9licate qu\u2019il porte.<\/p>\n\n\n\n<p>Nous privil\u00e9gions <strong>la qualit\u00e9, la simplicit\u00e9 et l\u2019intention.<\/strong>.<br>Aucun exc\u00e8s.<br>Aucun superflu.<br>Seulement des pi\u00e8ces qui r\u00e9sonnent \u2014 naturellement, personnellement, \u00e9l\u00e9gamment.<\/p>\n\n\n\n<p>Qu\u2019il s\u2019agisse d\u2019une bague qui marque un moment, d\u2019un collier qui inspire confiance, ou d\u2019un bijou du quotidien qui simplement vous ressemble, chaque cr\u00e9ation chez Symptoms est pens\u00e9e pour devenir un fragment de votre histoire.<\/p>\n\n\n\n<p>Nous cr\u00e9ons pour ceux qui appr\u00e9cient l\u2019\u00e9l\u00e9gance discr\u00e8te et croient que les plus petits d\u00e9tails sont souvent ceux qui en disent le plus.<\/p>\n\n\n\n<p><strong>Symptoms,<\/strong> \u2014 des bijoux soigneusement choisis pour accompagner les \u00e9motions qui vous ressemblent.<\/p>","protected":false},"excerpt":{"rendered":"<p>At Symptoms, we believe jewelry is more than an accessory \u2014 it\u2019s a reflection of what you feel, who you are, and the subtle details that define you. Our brand was created with a minimalist vision:to curate pieces that speak softly, yet meaningfully.Every item in our collection is carefully chosen for its clean design, timeless [&hellip;]<\/p>","protected":false},"author":1,"featured_media":0,"parent":0,"menu_order":0,"comment_status":"closed","ping_status":"closed","template":"about","meta":{"footnotes":""},"class_list":["post-666","page","type-page","status-publish","hentry"],"jetpack_sharing_enabled":true,"_links":{"self":[{"href":"https:\/\/symptoms.paris\/fr\/wp-json\/wp\/v2\/pages\/666","targetHints":{"allow":["GET"]}}],"collection":[{"href":"https:\/\/symptoms.paris\/fr\/wp-json\/wp\/v2\/pages"}],"about":[{"href":"https:\/\/symptoms.paris\/fr\/wp-json\/wp\/v2\/types\/page"}],"author":[{"embeddable":true,"href":"https:\/\/symptoms.paris\/fr\/wp-json\/wp\/v2\/users\/1"}],"replies":[{"embeddable":true,"href":"https:\/\/symptoms.paris\/fr\/wp-json\/wp\/v2\/comments?post=666"}],"version-history":[{"count":1,"href":"https:\/\/symptoms.paris\/fr\/wp-json\/wp\/v2\/pages\/666\/revisions"}],"predecessor-version":[{"id":706,"href":"https:\/\/symptoms.paris\/fr\/wp-json\/wp\/v2\/pages\/666\/revisions\/706"}],"wp:attachment":[{"href":"https:\/\/symptoms.paris\/fr\/wp-json\/wp\/v2\/media?parent=666"}],"curies":[{"name":"wp","href":"https:\/\/api.w.org\/{rel}","templated":true}]}}